{"id":265,"date":"2023-11-08T13:11:06","date_gmt":"2023-11-08T13:11:06","guid":{"rendered":"https:\/\/practical-heyrovsky.82-223-114-48.plesk.page\/?page_id=265"},"modified":"2024-01-04T12:06:05","modified_gmt":"2024-01-04T12:06:05","slug":"rve-y-energias-renovables","status":"publish","type":"page","link":"https:\/\/techforlight.com\/index.php\/rve-y-energias-renovables\/","title":{"rendered":"RVE y Energ\u00edas Renovables"},"content":{"rendered":"\n<p>Hoy en d\u00eda, el enfoque en la eficiencia energ\u00e9tica, las energ\u00edas renovables y la reducci\u00f3n del impacto ambiental representa un avance crucial en diversas \u00e1reas. En esta l\u00ednea de progreso, Tech for Light en colaboraci\u00f3n con Di3Ingenier\u00eda (<a href=\"http:\/\/www.di3ingenieria.es\/\">www.di3ingenieria.es<\/a>) se compromete a estar a la vanguardia en estas tecnolog\u00edas emergentes.<\/p>\n\n\n\n<p>Nos enfocamos en ofrecer asesoramiento, venta, instalaci\u00f3n y mantenimiento de soluciones como Recarga de Veh\u00edculos El\u00e9ctricos, Sistemas Fotovoltaicos, Aerotermia y m\u00e1s. Esta colaboraci\u00f3n estrat\u00e9gica nos permite ofrecer soluciones innovadoras y sostenibles para un mundo m\u00e1s consciente y eficiente en el uso de la energ\u00eda.<\/p>\n\n\n\n<p>Si est\u00e1s planeando un proyecto y buscas asesoramiento de calidad en este campo, no dudes en ponerte en contacto con nosotros. Estaremos encantados de ofrecerte nuestras soluciones y experiencia para llevar a cabo tu proyecto de manera eficiente y sostenible.<\/p>\n","protected":false},"excerpt":{"rendered":"<p>Hoy en d\u00eda, el enfoque en la eficiencia energ\u00e9tica, las energ\u00edas renovables y la reducci\u00f3n del impacto ambiental representa un avance crucial en diversas \u00e1reas. En esta l\u00ednea de progreso, Tech for Light en colaboraci\u00f3n con Di3Ingenier\u00eda (www.di3ingenieria.es) se compromete a estar a la vanguardia en estas tecnolog\u00edas emergentes. Nos enfocamos en ofrecer asesoramiento, venta,&hellip;<\/p>\n","protected":false},"author":2,"featured_media":0,"parent":0,"menu_order":0,"comment_status":"closed","ping_status":"closed","template":"","meta":{"footnotes":""},"_links":{"self":[{"href":"https:\/\/techforlight.com\/index.php\/wp-json\/wp\/v2\/pages\/265"}],"collection":[{"href":"https:\/\/techforlight.com\/index.php\/wp-json\/wp\/v2\/pages"}],"about":[{"href":"https:\/\/techforlight.com\/index.php\/wp-json\/wp\/v2\/types\/page"}],"author":[{"embeddable":true,"href":"https:\/\/techforlight.com\/index.php\/wp-json\/wp\/v2\/users\/2"}],"replies":[{"embeddable":true,"href":"https:\/\/techforlight.com\/index.php\/wp-json\/wp\/v2\/comments?post=265"}],"version-history":[{"count":2,"href":"https:\/\/techforlight.com\/index.php\/wp-json\/wp\/v2\/pages\/265\/revisions"}],"predecessor-version":[{"id":432,"href":"https:\/\/techforlight.com\/index.php\/wp-json\/wp\/v2\/pages\/265\/revisions\/432"}],"wp:attachment":[{"href":"https:\/\/techforlight.com\/index.php\/wp-json\/wp\/v2\/media?parent=265"}],"curies":[{"name":"wp","href":"https:\/\/api.w.org\/{rel}","templated":true}]}}