{"id":262,"date":"2023-11-08T13:10:13","date_gmt":"2023-11-08T13:10:13","guid":{"rendered":"https:\/\/practical-heyrovsky.82-223-114-48.plesk.page\/?page_id=262"},"modified":"2024-01-04T11:59:22","modified_gmt":"2024-01-04T11:59:22","slug":"gestion-de-la-energia","status":"publish","type":"page","link":"https:\/\/techforlight.com\/index.php\/gestion-de-la-energia\/","title":{"rendered":"Gesti\u00f3n de la Energ\u00eda"},"content":{"rendered":"\n<p>Nuestro compromiso con la provisi\u00f3n de soluciones integrales nos impulsa a buscar colaboradores estrat\u00e9gicos. A trav\u00e9s de nuestra asociaci\u00f3n con Di3Ingenier\u00eda (<a href=\"http:\/\/www.di3ingenieria.es\/\">www.di3ingenieria.es<\/a>), hemos consolidado la capacidad para realizar una amplia gama de estudios y an\u00e1lisis especializados en calidad de energ\u00eda, mediciones de puesta a tierra, auditor\u00edas y asesoramiento energ\u00e9tico, entre otros servicios fundamentales.<\/p>\n\n\n\n<p>Esta colaboraci\u00f3n estrat\u00e9gica es fundamental para ofrecer respuestas s\u00f3lidas a desaf\u00edos el\u00e9ctricos, proporcionando asesoramiento de alta calidad que permite comprender las causas subyacentes y las soluciones efectivas para abordar de ra\u00edz cualquier inconveniente. Juntos, estamos comprometidos en ofrecer soluciones integrales que garanticen la eficiencia energ\u00e9tica y la resoluci\u00f3n efectiva de problemas el\u00e9ctricos.<\/p>\n","protected":false},"excerpt":{"rendered":"<p>Nuestro compromiso con la provisi\u00f3n de soluciones integrales nos impulsa a buscar colaboradores estrat\u00e9gicos. A trav\u00e9s de nuestra asociaci\u00f3n con Di3Ingenier\u00eda (www.di3ingenieria.es), hemos consolidado la capacidad para realizar una amplia gama de estudios y an\u00e1lisis especializados en calidad de energ\u00eda, mediciones de puesta a tierra, auditor\u00edas y asesoramiento energ\u00e9tico, entre otros servicios fundamentales. Esta colaboraci\u00f3n&hellip;<\/p>\n","protected":false},"author":2,"featured_media":0,"parent":0,"menu_order":0,"comment_status":"closed","ping_status":"closed","template":"","meta":{"footnotes":""},"_links":{"self":[{"href":"https:\/\/techforlight.com\/index.php\/wp-json\/wp\/v2\/pages\/262"}],"collection":[{"href":"https:\/\/techforlight.com\/index.php\/wp-json\/wp\/v2\/pages"}],"about":[{"href":"https:\/\/techforlight.com\/index.php\/wp-json\/wp\/v2\/types\/page"}],"author":[{"embeddable":true,"href":"https:\/\/techforlight.com\/index.php\/wp-json\/wp\/v2\/users\/2"}],"replies":[{"embeddable":true,"href":"https:\/\/techforlight.com\/index.php\/wp-json\/wp\/v2\/comments?post=262"}],"version-history":[{"count":2,"href":"https:\/\/techforlight.com\/index.php\/wp-json\/wp\/v2\/pages\/262\/revisions"}],"predecessor-version":[{"id":430,"href":"https:\/\/techforlight.com\/index.php\/wp-json\/wp\/v2\/pages\/262\/revisions\/430"}],"wp:attachment":[{"href":"https:\/\/techforlight.com\/index.php\/wp-json\/wp\/v2\/media?parent=262"}],"curies":[{"name":"wp","href":"https:\/\/api.w.org\/{rel}","templated":true}]}}