{"id":259,"date":"2023-11-08T13:09:13","date_gmt":"2023-11-08T13:09:13","guid":{"rendered":"https:\/\/practical-heyrovsky.82-223-114-48.plesk.page\/?page_id=259"},"modified":"2024-01-04T11:57:42","modified_gmt":"2024-01-04T11:57:42","slug":"desarrollo-de-soluciones-tecnologicas","status":"publish","type":"page","link":"https:\/\/techforlight.com\/index.php\/desarrollo-de-soluciones-tecnologicas\/","title":{"rendered":"Desarrollo de Soluciones Tecnol\u00f3gicas"},"content":{"rendered":"\n<p>En estrecha colaboraci\u00f3n con Tech to Innovate (<a href=\"http:\/\/www.techtoinnovate.com\/\">www.techtoinnovate.com<\/a>), nuestro equipo de profesionales en el departamento de Inform\u00e1tica y Programaci\u00f3n despliega habilidades excepcionales para crear soluciones tecnol\u00f3gicas a medida. Ellos son los magos detr\u00e1s de la integraci\u00f3n de sistemas, la unificaci\u00f3n de lenguajes y la sincronizaci\u00f3n de diferentes metodolog\u00edas de trabajo en un sistema \u00fanico y eficiente.<\/p>\n\n\n\n<p>Su experiencia permite interconectar sistemas dispares, adaptar lenguajes diversos y unificar procesos heterog\u00e9neos para generar una sinergia efectiva. Adem\u00e1s, si es necesario, desarrollan la interfaz gr\u00e1fica adecuada para visualizar resultados y facilitar la interacci\u00f3n con el sistema. Su enfoque innovador y su capacidad para abordar desaf\u00edos complejos garantizan la creaci\u00f3n de soluciones tecnol\u00f3gicas adaptadas y eficaces.<\/p>\n","protected":false},"excerpt":{"rendered":"<p>En estrecha colaboraci\u00f3n con Tech to Innovate (www.techtoinnovate.com), nuestro equipo de profesionales en el departamento de Inform\u00e1tica y Programaci\u00f3n despliega habilidades excepcionales para crear soluciones tecnol\u00f3gicas a medida. Ellos son los magos detr\u00e1s de la integraci\u00f3n de sistemas, la unificaci\u00f3n de lenguajes y la sincronizaci\u00f3n de diferentes metodolog\u00edas de trabajo en un sistema \u00fanico y&hellip;<\/p>\n","protected":false},"author":2,"featured_media":0,"parent":0,"menu_order":0,"comment_status":"closed","ping_status":"closed","template":"","meta":{"footnotes":""},"_links":{"self":[{"href":"https:\/\/techforlight.com\/index.php\/wp-json\/wp\/v2\/pages\/259"}],"collection":[{"href":"https:\/\/techforlight.com\/index.php\/wp-json\/wp\/v2\/pages"}],"about":[{"href":"https:\/\/techforlight.com\/index.php\/wp-json\/wp\/v2\/types\/page"}],"author":[{"embeddable":true,"href":"https:\/\/techforlight.com\/index.php\/wp-json\/wp\/v2\/users\/2"}],"replies":[{"embeddable":true,"href":"https:\/\/techforlight.com\/index.php\/wp-json\/wp\/v2\/comments?post=259"}],"version-history":[{"count":2,"href":"https:\/\/techforlight.com\/index.php\/wp-json\/wp\/v2\/pages\/259\/revisions"}],"predecessor-version":[{"id":429,"href":"https:\/\/techforlight.com\/index.php\/wp-json\/wp\/v2\/pages\/259\/revisions\/429"}],"wp:attachment":[{"href":"https:\/\/techforlight.com\/index.php\/wp-json\/wp\/v2\/media?parent=259"}],"curies":[{"name":"wp","href":"https:\/\/api.w.org\/{rel}","templated":true}]}}