{"id":247,"date":"2023-11-08T12:33:59","date_gmt":"2023-11-08T12:33:59","guid":{"rendered":"https:\/\/practical-heyrovsky.82-223-114-48.plesk.page\/?page_id=247"},"modified":"2024-02-05T12:00:23","modified_gmt":"2024-02-05T12:00:23","slug":"prescripcion-de-sistemas-de-control-de-iluminacion","status":"publish","type":"page","link":"https:\/\/techforlight.com\/index.php\/prescripcion-de-sistemas-de-control-de-iluminacion\/","title":{"rendered":"Prescripci\u00f3n de Sistemas de Control de Iluminaci\u00f3n"},"content":{"rendered":"\n<p>Recomendamos el sistema de control de Iluminaci\u00f3n adecuado para su proyecto, considerando las funcionalidades y el presupuesto de nuestros clientes.<\/p>\n\n\n\n<p>Trabajamos con los principales fabricantes para ofrecer opciones de alta calidad.<\/p>\n\n\n\n<p>Nuestro asesoramiento le permitir\u00e1:<\/p>\n\n\n\n<p><strong>Aumentar la Funcionalidad:<\/strong> Un buen dise\u00f1o luminot\u00e9cnico garantiza que las \u00e1reas est\u00e9n bien iluminadas para su uso previsto, sin embargo, las luminarias solo son una parte del sistema. Nuestros asesores podr\u00e1n ofrecerle un sistema Integro, desde hardware donde configurar los dispositivos hasta software de Monitorizaci\u00f3n, Gesti\u00f3n y Control adaptados a sus necesidades.<\/p>\n\n\n\n<p><strong>Optimizar la Relaci\u00f3n Costo-Beneficio:<\/strong> Le ayudaremos a encontrar un equilibrio entre el costo de la inversi\u00f3n en equipos de iluminaci\u00f3n y los beneficios que se obtendr\u00e1n, ya sea en t\u00e9rminos de eficiencia, est\u00e9tica o bienestar.<\/p>\n\n\n\n<p><strong>Conseguir la Tecnolog\u00eda Adecuada:<\/strong> La tecnolog\u00eda de iluminaci\u00f3n est\u00e1 en constante evoluci\u00f3n y no todas las tecnolog\u00edas pueden utilizarse en todos los proyectos. Los asesores mantienen un conocimiento actualizado de las \u00faltimas tendencias, lo que les permite recomendar equipos modernos y eficientes adaptados a su proyecto en concreto.<\/p>\n","protected":false},"excerpt":{"rendered":"<p>Recomendamos el sistema de control de Iluminaci\u00f3n adecuado para su proyecto, considerando las funcionalidades y el presupuesto de nuestros clientes. Trabajamos con los principales fabricantes para ofrecer opciones de alta calidad. Nuestro asesoramiento le permitir\u00e1: Aumentar la Funcionalidad: Un buen dise\u00f1o luminot\u00e9cnico garantiza que las \u00e1reas est\u00e9n bien iluminadas para su uso previsto, sin embargo,&hellip;<\/p>\n","protected":false},"author":2,"featured_media":0,"parent":0,"menu_order":0,"comment_status":"closed","ping_status":"closed","template":"","meta":{"footnotes":""},"_links":{"self":[{"href":"https:\/\/techforlight.com\/index.php\/wp-json\/wp\/v2\/pages\/247"}],"collection":[{"href":"https:\/\/techforlight.com\/index.php\/wp-json\/wp\/v2\/pages"}],"about":[{"href":"https:\/\/techforlight.com\/index.php\/wp-json\/wp\/v2\/types\/page"}],"author":[{"embeddable":true,"href":"https:\/\/techforlight.com\/index.php\/wp-json\/wp\/v2\/users\/2"}],"replies":[{"embeddable":true,"href":"https:\/\/techforlight.com\/index.php\/wp-json\/wp\/v2\/comments?post=247"}],"version-history":[{"count":2,"href":"https:\/\/techforlight.com\/index.php\/wp-json\/wp\/v2\/pages\/247\/revisions"}],"predecessor-version":[{"id":424,"href":"https:\/\/techforlight.com\/index.php\/wp-json\/wp\/v2\/pages\/247\/revisions\/424"}],"wp:attachment":[{"href":"https:\/\/techforlight.com\/index.php\/wp-json\/wp\/v2\/media?parent=247"}],"curies":[{"name":"wp","href":"https:\/\/api.w.org\/{rel}","templated":true}]}}